{"id":974,"date":"2025-05-06T22:37:42","date_gmt":"2025-05-06T22:37:42","guid":{"rendered":"https:\/\/aqui-alla.org\/?page_id=974"},"modified":"2025-09-12T05:38:56","modified_gmt":"2025-09-12T05:38:56","slug":"about","status":"publish","type":"page","link":"https:\/\/aqui-alla.org\/es\/about\/","title":{"rendered":"Sobre nosotros"},"content":{"rendered":"<div data-elementor-type=\"wp-page\" data-elementor-id=\"974\" class=\"elementor elementor-974\" data-elementor-post-type=\"page\">\n\t\t\t\t<div class=\"elementor-element elementor-element-434d6bb e-flex e-con-boxed e-con e-parent\" data-id=\"434d6bb\" data-element_type=\"container\" data-e-type=\"container\" data-settings=\"{&quot;background_background&quot;:&quot;classic&quot;}\">\n\t\t\t\t\t<div class=\"e-con-inner\">\n\t\t\t\t<div class=\"elementor-element elementor-element-f3c81d6 elementor-widget elementor-widget-heading\" data-id=\"f3c81d6\" data-element_type=\"widget\" data-e-type=\"widget\" data-widget_type=\"heading.default\">\n\t\t\t\t<div class=\"elementor-widget-container\">\n\t\t\t\t\t<h2 class=\"elementor-heading-title elementor-size-default\">Sobre nosotros<\/h2>\t\t\t\t<\/div>\n\t\t\t\t<\/div>\n\t\t\t\t\t<\/div>\n\t\t\t\t<\/div>\n\t\t<div class=\"elementor-element elementor-element-f22ecdd e-flex e-con-boxed e-con e-parent\" data-id=\"f22ecdd\" data-element_type=\"container\" data-e-type=\"container\" data-settings=\"{&quot;background_background&quot;:&quot;classic&quot;}\">\n\t\t\t\t\t<div class=\"e-con-inner\">\n\t\t\t\t<div class=\"elementor-element elementor-element-4be42a9 elementor-widget elementor-widget-heading\" data-id=\"4be42a9\" data-element_type=\"widget\" data-e-type=\"widget\" data-settings=\"{&quot;motion_fx_motion_fx_scrolling&quot;:&quot;yes&quot;,&quot;motion_fx_scale_effect&quot;:&quot;yes&quot;,&quot;motion_fx_scale_speed&quot;:{&quot;unit&quot;:&quot;px&quot;,&quot;size&quot;:2,&quot;sizes&quot;:[]},&quot;_animation&quot;:&quot;none&quot;,&quot;motion_fx_scale_direction&quot;:&quot;out-in&quot;,&quot;motion_fx_scale_range&quot;:{&quot;unit&quot;:&quot;%&quot;,&quot;size&quot;:&quot;&quot;,&quot;sizes&quot;:{&quot;start&quot;:20,&quot;end&quot;:80}},&quot;motion_fx_devices&quot;:[&quot;desktop&quot;,&quot;tablet&quot;,&quot;mobile&quot;]}\" data-widget_type=\"heading.default\">\n\t\t\t\t<div class=\"elementor-widget-container\">\n\t\t\t\t\t<h2 class=\"elementor-heading-title elementor-size-default\">NO EXCEPTIONS. NO EXCUSES. \u200b<\/h2>\t\t\t\t<\/div>\n\t\t\t\t<\/div>\n\t\t\t\t<div class=\"elementor-element elementor-element-f53d31d elementor-widget elementor-widget-heading\" data-id=\"f53d31d\" data-element_type=\"widget\" data-e-type=\"widget\" data-widget_type=\"heading.default\">\n\t\t\t\t<div class=\"elementor-widget-container\">\n\t\t\t\t\t<h2 class=\"elementor-heading-title elementor-size-default\">DUE PROCESS FOR ALL.\u200b<\/h2>\t\t\t\t<\/div>\n\t\t\t\t<\/div>\n\t\t\t\t\t<\/div>\n\t\t\t\t<\/div>\n\t\t<div class=\"elementor-element elementor-element-44ed64f6 e-con-full e-flex e-con e-parent\" data-id=\"44ed64f6\" data-element_type=\"container\" data-e-type=\"container\">\n\t\t<div class=\"elementor-element elementor-element-2de94548 e-con-full e-flex e-con e-child\" data-id=\"2de94548\" data-element_type=\"container\" data-e-type=\"container\" data-settings=\"{&quot;background_background&quot;:&quot;classic&quot;}\">\n\t\t\t\t<\/div>\n\t\t<div class=\"elementor-element elementor-element-6fd58835 e-con-full e-flex e-con e-child\" data-id=\"6fd58835\" data-element_type=\"container\" data-e-type=\"container\" data-settings=\"{&quot;background_background&quot;:&quot;classic&quot;}\">\n\t\t\t\t<div class=\"elementor-element elementor-element-5a289264 elementor-widget elementor-widget-heading\" data-id=\"5a289264\" data-element_type=\"widget\" data-e-type=\"widget\" data-widget_type=\"heading.default\">\n\t\t\t\t<div class=\"elementor-widget-container\">\n\t\t\t\t\t<h2 class=\"elementor-heading-title elementor-size-default\">ABOUT US\u200b<\/h2>\t\t\t\t<\/div>\n\t\t\t\t<\/div>\n\t\t<div class=\"elementor-element elementor-element-36618b83 e-con-full e-flex e-con e-child\" data-id=\"36618b83\" data-element_type=\"container\" data-e-type=\"container\" data-settings=\"{&quot;background_background&quot;:&quot;classic&quot;}\">\n\t\t\t\t<div class=\"elementor-element elementor-element-6144ec09 elementor-widget elementor-widget-text-editor\" data-id=\"6144ec09\" data-element_type=\"widget\" data-e-type=\"widget\" data-widget_type=\"text-editor.default\">\n\t\t\t\t<div class=\"elementor-widget-container\">\n\t\t\t\t\t\t\t\t\t<p>Aqu\u00ed y All\u00e1 es un proyecto de dise\u00f1o gr\u00e1fico con ra\u00edces en el activismo, que utiliza la narrativa visual para informar, empoderar y movilizar. Mediante collages, tipograf\u00eda e im\u00e1genes superpuestas, traducimos sistemas complejos \u2014como la inmigraci\u00f3n, el debido proceso y los derechos c\u00edvicos\u2014 a gr\u00e1ficos accesibles y contundentes. Nuestro trabajo se centra en las voces de las personas indocumentadas y promueve el conocimiento comunitario, porque el dise\u00f1o puede ser m\u00e1s que visual: puede ser una herramienta para la justicia.<\/p>\t\t\t\t\t\t\t\t<\/div>\n\t\t\t\t<\/div>\n\t\t\t\t<div class=\"elementor-element elementor-element-777cf947 elementor-position-inline-start elementor-view-default elementor-mobile-position-block-start elementor-invisible elementor-widget elementor-widget-icon-box\" data-id=\"777cf947\" data-element_type=\"widget\" data-e-type=\"widget\" data-settings=\"{&quot;_animation&quot;:&quot;fadeInUp&quot;}\" data-widget_type=\"icon-box.default\">\n\t\t\t\t<div class=\"elementor-widget-container\">\n\t\t\t\t\t\t\t<div class=\"elementor-icon-box-wrapper\">\n\n\t\t\t\t\t\t<div class=\"elementor-icon-box-icon\">\n\t\t\t\t<span  class=\"elementor-icon\">\n\t\t\t\t<svg aria-hidden=\"true\" class=\"e-font-icon-svg e-far-hand-point-down\" viewbox=\"0 0 448 512\" xmlns=\"http:\/\/www.w3.org\/2000\/svg\"><path d=\"M188.8 512c45.616 0 83.2-37.765 83.2-83.2v-35.647a93.148 93.148 0 0 0 22.064-7.929c22.006 2.507 44.978-3.503 62.791-15.985C409.342 368.1 448 331.841 448 269.299V248c0-60.063-40-98.512-40-127.2v-2.679c4.952-5.747 8-13.536 8-22.12V32c0-17.673-12.894-32-28.8-32H156.8C140.894 0 128 14.327 128 32v64c0 8.584 3.048 16.373 8 22.12v2.679c0 6.964-6.193 14.862-23.668 30.183l-.148.129-.146.131c-9.937 8.856-20.841 18.116-33.253 25.851C48.537 195.798 0 207.486 0 252.8c0 56.928 35.286 92 83.2 92 8.026 0 15.489-.814 22.4-2.176V428.8c0 45.099 38.101 83.2 83.2 83.2zm0-48c-18.7 0-35.2-16.775-35.2-35.2V270.4c-17.325 0-35.2 26.4-70.4 26.4-26.4 0-35.2-20.625-35.2-44 0-8.794 32.712-20.445 56.1-34.926 14.575-9.074 27.225-19.524 39.875-30.799 18.374-16.109 36.633-33.836 39.596-59.075h176.752C364.087 170.79 400 202.509 400 248v21.299c0 40.524-22.197 57.124-61.325 50.601-8.001 14.612-33.979 24.151-53.625 12.925-18.225 19.365-46.381 17.787-61.05 4.95V428.8c0 18.975-16.225 35.2-35.2 35.2zM328 64c0-13.255 10.745-24 24-24s24 10.745 24 24-10.745 24-24 24-24-10.745-24-24z\"><\/path><\/svg>\t\t\t\t<\/span>\n\t\t\t<\/div>\n\t\t\t\n\t\t\t\t\t\t<div class=\"elementor-icon-box-content\">\n\n\t\t\t\t\t\t\t\t\t<h3 class=\"elementor-icon-box-title\">\n\t\t\t\t\t\t<span  >\n\t\t\t\t\t\t\tNuestra Misi\u00f3n\t\t\t\t\t\t<\/span>\n\t\t\t\t\t<\/h3>\n\t\t\t\t\n\t\t\t\t\n\t\t\t<\/div>\n\t\t\t\n\t\t<\/div>\n\t\t\t\t\t\t<\/div>\n\t\t\t\t<\/div>\n\t\t\t\t<div class=\"elementor-element elementor-element-217ff2a2 elementor-widget elementor-widget-text-editor\" data-id=\"217ff2a2\" data-element_type=\"widget\" data-e-type=\"widget\" data-widget_type=\"text-editor.default\">\n\t\t\t\t<div class=\"elementor-widget-container\">\n\t\t\t\t\t\t\t\t\t<p>\ud83d\udfe1Creemos que los inmigrantes indocumentados merecen dignidad, protecci\u00f3n y acceso a la informaci\u00f3n.<\/p><p>\ud83d\udfe1Creemos en la narraci\u00f3n visual como herramienta para la justicia y el empoderamiento comunitario.<\/p><p>\ud83d\udfe1Creemos que el conocimiento debe ser accesible, independientemente del idioma, el estatus o el nivel educativo.<\/p><p>\ud83d\udfe1Creemos que el debido proceso es un derecho humano, no un privilegio.<\/p><p>\ud83d\udfe1Creemos en construir puentes entre Aqu\u00ed y All\u00e1, honrando tanto la historia personal como la lucha presente.<\/p>\t\t\t\t\t\t\t\t<\/div>\n\t\t\t\t<\/div>\n\t\t\t\t<\/div>\n\t\t\t\t<\/div>\n\t\t\t\t<\/div>\n\t\t\t\t<\/div>","protected":false},"excerpt":{"rendered":"<p>ABOUT NO EXCEPTIONS. NO EXCUSES. \u200b DUE PROCESS FOR ALL.\u200b ABOUT US\u200b Aqu\u00ed y All\u00e1 is a graphic design project rooted in activism, using visual storytelling to inform, empower, and mobilize. Through collage, typography, and layered imagery, we translate complex systems\u2014like immigration, due process, and civic rights\u2014into accessible and powerful graphics. Our work centers undocumented [&hellip;]<\/p>","protected":false},"author":1,"featured_media":0,"parent":0,"menu_order":0,"comment_status":"closed","ping_status":"closed","template":"","meta":{"_uag_custom_page_level_css":"","site-sidebar-layout":"no-sidebar","site-content-layout":"page-builder","ast-site-content-layout":"full-width-container","site-content-style":"default","site-sidebar-style":"default","ast-global-header-display":"","ast-banner-title-visibility":"","ast-main-header-display":"","ast-hfb-above-header-display":"","ast-hfb-below-header-display":"","ast-hfb-mobile-header-display":"","site-post-title":"disabled","ast-breadcrumbs-content":"","ast-featured-img":"disabled","footer-sml-layout":"","ast-disable-related-posts":"","theme-transparent-header-meta":"","adv-header-id-meta":"","stick-header-meta":"","header-above-stick-meta":"","header-main-stick-meta":"","header-below-stick-meta":"","astra-migrate-meta-layouts":"default","ast-page-background-enabled":"default","ast-page-background-meta":{"desktop":{"background-color":"var(--ast-global-color-4)","background-image":"","background-repeat":"repeat","background-position":"center center","background-size":"auto","background-attachment":"scroll","background-type":"","background-media":"","overlay-type":"","overlay-color":"","overlay-opacity":"","overlay-gradient":""},"tablet":{"background-color":"","background-image":"","background-repeat":"repeat","background-position":"center center","background-size":"auto","background-attachment":"scroll","background-type":"","background-media":"","overlay-type":"","overlay-color":"","overlay-opacity":"","overlay-gradient":""},"mobile":{"background-color":"","background-image":"","background-repeat":"repeat","background-position":"center center","background-size":"auto","background-attachment":"scroll","background-type":"","background-media":"","overlay-type":"","overlay-color":"","overlay-opacity":"","overlay-gradient":""}},"ast-content-background-meta":{"desktop":{"background-color":"var(--ast-global-color-5)","background-image":"","background-repeat":"repeat","background-position":"center center","background-size":"auto","background-attachment":"scroll","background-type":"","background-media":"","overlay-type":"","overlay-color":"","overlay-opacity":"","overlay-gradient":""},"tablet":{"background-color":"var(--ast-global-color-5)","background-image":"","background-repeat":"repeat","background-position":"center center","background-size":"auto","background-attachment":"scroll","background-type":"","background-media":"","overlay-type":"","overlay-color":"","overlay-opacity":"","overlay-gradient":""},"mobile":{"background-color":"var(--ast-global-color-5)","background-image":"","background-repeat":"repeat","background-position":"center center","background-size":"auto","background-attachment":"scroll","background-type":"","background-media":"","overlay-type":"","overlay-color":"","overlay-opacity":"","overlay-gradient":""}},"footnotes":""},"class_list":["post-974","page","type-page","status-publish","hentry"],"aioseo_notices":[],"uagb_featured_image_src":{"full":false,"thumbnail":false,"medium":false,"medium_large":false,"large":false,"1536x1536":false,"2048x2048":false,"trp-custom-language-flag":false},"uagb_author_info":{"display_name":"reyzographics@gmail.com","author_link":"https:\/\/aqui-alla.org\/es\/author\/reyzographicsgmail-com\/"},"uagb_comment_info":0,"uagb_excerpt":"ABOUT NO EXCEPTIONS. NO EXCUSES. \u200b DUE PROCESS FOR ALL.\u200b ABOUT US\u200b Aqu\u00ed y All\u00e1 is a graphic design project rooted in activism, using visual storytelling to inform, empower, and mobilize. Through collage, typography, and layered imagery, we translate complex systems\u2014like immigration, due process, and civic rights\u2014into accessible and powerful graphics. Our work centers undocumented&hellip;","_links":{"self":[{"href":"https:\/\/aqui-alla.org\/es\/wp-json\/wp\/v2\/pages\/974","targetHints":{"allow":["GET"]}}],"collection":[{"href":"https:\/\/aqui-alla.org\/es\/wp-json\/wp\/v2\/pages"}],"about":[{"href":"https:\/\/aqui-alla.org\/es\/wp-json\/wp\/v2\/types\/page"}],"author":[{"embeddable":true,"href":"https:\/\/aqui-alla.org\/es\/wp-json\/wp\/v2\/users\/1"}],"replies":[{"embeddable":true,"href":"https:\/\/aqui-alla.org\/es\/wp-json\/wp\/v2\/comments?post=974"}],"version-history":[{"count":40,"href":"https:\/\/aqui-alla.org\/es\/wp-json\/wp\/v2\/pages\/974\/revisions"}],"predecessor-version":[{"id":1738,"href":"https:\/\/aqui-alla.org\/es\/wp-json\/wp\/v2\/pages\/974\/revisions\/1738"}],"wp:attachment":[{"href":"https:\/\/aqui-alla.org\/es\/wp-json\/wp\/v2\/media?parent=974"}],"curies":[{"name":"wp","href":"https:\/\/api.w.org\/{rel}","templated":true}]}}